{"id":272,"date":"2019-11-12T05:41:59","date_gmt":"2019-11-12T03:41:59","guid":{"rendered":"https:\/\/dgfruits.com\/?page_id=272"},"modified":"2022-03-30T07:46:09","modified_gmt":"2022-03-30T05:46:09","slug":"dgfruits","status":"publish","type":"page","link":"https:\/\/dgfruits.com\/","title":{"rendered":"HOME"},"content":{"rendered":"\t\t<div data-elementor-type=\"wp-page\" data-elementor-id=\"272\" class=\"elementor elementor-272\">\n\t\t\t\t\t\t<div class=\"elementor-inner\">\n\t\t\t\t<div class=\"elementor-section-wrap\">\n\t\t\t\t\t\t\t\t\t<section class=\"elementor-section elementor-top-section elementor-element elementor-element-15a38bc elementor-section-boxed elementor-section-height-default elementor-section-height-default\" data-id=\"15a38bc\" data-element_type=\"section\">\n\t\t\t\t\t\t<div class=\"elementor-container elementor-column-gap-default\">\n\t\t\t\t\t\t\t<div class=\"elementor-row\">\n\t\t\t\t\t<div class=\"elementor-column elementor-col-100 elementor-top-column elementor-element elementor-element-f78e369\" data-id=\"f78e369\" data-element_type=\"column\">\n\t\t\t<div class=\"elementor-column-wrap elementor-element-populated\">\n\t\t\t\t\t\t\t<div class=\"elementor-widget-wrap\">\n\t\t\t\t\t\t<div class=\"elementor-element elementor-element-b9d65de elementor-widget elementor-widget-text-editor\" data-id=\"b9d65de\" data-element_type=\"widget\" data-widget_type=\"text-editor.default\">\n\t\t\t\t<div class=\"elementor-widget-container\">\n\t\t\t\t\t\t\t\t<div class=\"elementor-text-editor elementor-clearfix\">\n\t\t\t\t<p>dgfruits-fresh fuits export.Cherries, Apricots.<\/p>\t\t\t\t\t<\/div>\n\t\t\t\t\t\t<\/div>\n\t\t\t\t<\/div>\n\t\t\t\t<div class=\"elementor-element elementor-element-764bcd2 elementor-widget elementor-widget-image\" data-id=\"764bcd2\" data-element_type=\"widget\" data-widget_type=\"image.default\">\n\t\t\t\t<div class=\"elementor-widget-container\">\n\t\t\t\t\t\t\t\t<div class=\"elementor-image\">\n\t\t\t\t\t\t\t\t\t\t\t\t<img width=\"4288\" height=\"1015\" src=\"https:\/\/dgfruits.com\/wp-content\/uploads\/2019\/11\/backgr1.jpg\" class=\"attachment-full size-full\" alt=\"dgfruits\" loading=\"lazy\" srcset=\"https:\/\/dgfruits.com\/wp-content\/uploads\/2019\/11\/backgr1.jpg 4288w, https:\/\/dgfruits.com\/wp-content\/uploads\/2019\/11\/backgr1-300x71.jpg 300w, https:\/\/dgfruits.com\/wp-content\/uploads\/2019\/11\/backgr1-768x182.jpg 768w, https:\/\/dgfruits.com\/wp-content\/uploads\/2019\/11\/backgr1-1024x242.jpg 1024w\" sizes=\"(max-width: 4288px) 100vw, 4288px\" \/>\t\t\t\t\t\t\t\t\t\t\t\t\t\t<\/div>\n\t\t\t\t\t\t<\/div>\n\t\t\t\t<\/div>\n\t\t\t\t\t\t<\/div>\n\t\t\t\t\t<\/div>\n\t\t<\/div>\n\t\t\t\t\t\t\t\t<\/div>\n\t\t\t\t\t<\/div>\n\t\t<\/section>\n\t\t\t\t<section class=\"elementor-section elementor-top-section elementor-element elementor-element-72b216f elementor-section-boxed elementor-section-height-default elementor-section-height-default\" data-id=\"72b216f\" data-element_type=\"section\">\n\t\t\t\t\t\t<div class=\"elementor-container elementor-column-gap-default\">\n\t\t\t\t\t\t\t<div class=\"elementor-row\">\n\t\t\t\t\t<div class=\"elementor-column elementor-col-100 elementor-top-column elementor-element elementor-element-40db007\" data-id=\"40db007\" data-element_type=\"column\" data-settings=\"{&quot;background_background&quot;:&quot;classic&quot;}\">\n\t\t\t<div class=\"elementor-column-wrap elementor-element-populated\">\n\t\t\t\t\t\t\t<div class=\"elementor-widget-wrap\">\n\t\t\t\t\t\t<section class=\"elementor-section elementor-inner-section elementor-element elementor-element-9ac69e5 elementor-section-boxed elementor-section-height-default elementor-section-height-default\" data-id=\"9ac69e5\" data-element_type=\"section\">\n\t\t\t\t\t\t<div class=\"elementor-container elementor-column-gap-default\">\n\t\t\t\t\t\t\t<div class=\"elementor-row\">\n\t\t\t\t\t<div class=\"elementor-column elementor-col-50 elementor-inner-column elementor-element elementor-element-aadb868\" data-id=\"aadb868\" data-element_type=\"column\">\n\t\t\t<div class=\"elementor-column-wrap elementor-element-populated\">\n\t\t\t\t\t\t\t<div class=\"elementor-widget-wrap\">\n\t\t\t\t\t\t<div class=\"elementor-element elementor-element-703f496 elementor-widget elementor-widget-image\" data-id=\"703f496\" data-element_type=\"widget\" data-widget_type=\"image.default\">\n\t\t\t\t<div class=\"elementor-widget-container\">\n\t\t\t\t\t\t\t\t<div class=\"elementor-image\">\n\t\t\t\t\t\t\t\t\t\t\t\t<img width=\"1024\" height=\"642\" src=\"https:\/\/dgfruits.com\/wp-content\/uploads\/2020\/02\/logoo-dg-2-1-1024x642.jpg\" class=\"attachment-large size-large\" alt=\"dg fruits\" loading=\"lazy\" srcset=\"https:\/\/dgfruits.com\/wp-content\/uploads\/2020\/02\/logoo-dg-2-1-1024x642.jpg 1024w, https:\/\/dgfruits.com\/wp-content\/uploads\/2020\/02\/logoo-dg-2-1-300x188.jpg 300w, https:\/\/dgfruits.com\/wp-content\/uploads\/2020\/02\/logoo-dg-2-1-768x481.jpg 768w, https:\/\/dgfruits.com\/wp-content\/uploads\/2020\/02\/logoo-dg-2-1-1536x963.jpg 1536w, https:\/\/dgfruits.com\/wp-content\/uploads\/2020\/02\/logoo-dg-2-1-2048x1284.jpg 2048w\" sizes=\"(max-width: 1024px) 100vw, 1024px\" \/>\t\t\t\t\t\t\t\t\t\t\t\t\t\t<\/div>\n\t\t\t\t\t\t<\/div>\n\t\t\t\t<\/div>\n\t\t\t\t\t\t<\/div>\n\t\t\t\t\t<\/div>\n\t\t<\/div>\n\t\t\t\t<div class=\"elementor-column elementor-col-50 elementor-inner-column elementor-element elementor-element-6fe39eb\" data-id=\"6fe39eb\" data-element_type=\"column\">\n\t\t\t<div class=\"elementor-column-wrap elementor-element-populated\">\n\t\t\t\t\t\t\t<div class=\"elementor-widget-wrap\">\n\t\t\t\t\t\t<div class=\"elementor-element elementor-element-63d2621 elementor-widget elementor-widget-text-editor\" data-id=\"63d2621\" data-element_type=\"widget\" data-widget_type=\"text-editor.default\">\n\t\t\t\t<div class=\"elementor-widget-container\">\n\t\t\t\t\t\t\t\t<div class=\"elementor-text-editor elementor-clearfix\">\n\t\t\t\t<p><span style=\"color: #000000;\"><strong>DG Fruits<\/strong> was founded in 2015 with a core business\u00a0 cherries production. DG fruits continues to create new cherry gardens. Company invests in some of the latest cherry varieties on the market. In 2020 DG fruits began offering &#8211; apricots, peaches and plums. Our goal is to offer the freshest fruit on the market, using the shortest supply chains. From the gardens directly to customers. DG Fruits\u00a0 main market are Bulgaria and EU Countries.\u00a0<\/span><\/p>\t\t\t\t\t<\/div>\n\t\t\t\t\t\t<\/div>\n\t\t\t\t<\/div>\n\t\t\t\t\t\t<\/div>\n\t\t\t\t\t<\/div>\n\t\t<\/div>\n\t\t\t\t\t\t\t\t<\/div>\n\t\t\t\t\t<\/div>\n\t\t<\/section>\n\t\t\t\t<div class=\"elementor-element elementor-element-6902df8 elementor-widget-divider--view-line elementor-widget elementor-widget-divider\" data-id=\"6902df8\" data-element_type=\"widget\" data-widget_type=\"divider.default\">\n\t\t\t\t<div class=\"elementor-widget-container\">\n\t\t\t\t\t<div class=\"elementor-divider\">\n\t\t\t<span class=\"elementor-divider-separator\">\n\t\t\t\t\t\t<\/span>\n\t\t<\/div>\n\t\t\t\t<\/div>\n\t\t\t\t<\/div>\n\t\t\t\t<div class=\"elementor-element elementor-element-286880f elementor-arrows-position-outside elementor-pagination-position-outside elementor-widget elementor-widget-image-carousel\" data-id=\"286880f\" data-element_type=\"widget\" data-settings=\"{&quot;slides_to_show&quot;:&quot;6&quot;,&quot;image_spacing_custom&quot;:{&quot;unit&quot;:&quot;px&quot;,&quot;size&quot;:0,&quot;sizes&quot;:[]},&quot;_animation&quot;:&quot;none&quot;,&quot;navigation&quot;:&quot;both&quot;,&quot;autoplay&quot;:&quot;yes&quot;,&quot;pause_on_hover&quot;:&quot;yes&quot;,&quot;pause_on_interaction&quot;:&quot;yes&quot;,&quot;autoplay_speed&quot;:5000,&quot;infinite&quot;:&quot;yes&quot;,&quot;speed&quot;:500}\" data-widget_type=\"image-carousel.default\">\n\t\t\t\t<div class=\"elementor-widget-container\">\n\t\t\t\t\t<div class=\"elementor-image-carousel-wrapper swiper-container\" dir=\"ltr\">\n\t\t\t<div class=\"elementor-image-carousel swiper-wrapper\">\n\t\t\t\t\t\t\t\t<div class=\"swiper-slide\"><figure class=\"swiper-slide-inner\"><img class=\"swiper-slide-image\" src=\"https:\/\/dgfruits.com\/wp-content\/uploads\/2019\/11\/20190525_140007-150x150.jpg\" alt=\"cherries\" \/><\/figure><\/div><div class=\"swiper-slide\"><figure class=\"swiper-slide-inner\"><img class=\"swiper-slide-image\" src=\"https:\/\/dgfruits.com\/wp-content\/uploads\/2019\/11\/20190525_135942-150x150.jpg\" alt=\"cherries\" \/><\/figure><\/div><div class=\"swiper-slide\"><figure class=\"swiper-slide-inner\"><img class=\"swiper-slide-image\" src=\"https:\/\/dgfruits.com\/wp-content\/uploads\/2019\/11\/20190619_122916-150x150.jpg\" alt=\"cherries\" \/><\/figure><\/div><div class=\"swiper-slide\"><figure class=\"swiper-slide-inner\"><img class=\"swiper-slide-image\" src=\"https:\/\/dgfruits.com\/wp-content\/uploads\/2019\/11\/20190524_102515-150x150.jpg\" alt=\"cherries\" \/><\/figure><\/div><div class=\"swiper-slide\"><figure class=\"swiper-slide-inner\"><img class=\"swiper-slide-image\" src=\"https:\/\/dgfruits.com\/wp-content\/uploads\/2020\/02\/apricots-1-150x150.jpg\" alt=\"apricots\" \/><\/figure><\/div><div class=\"swiper-slide\"><figure class=\"swiper-slide-inner\"><img class=\"swiper-slide-image\" src=\"https:\/\/dgfruits.com\/wp-content\/uploads\/2020\/02\/apricot-3-150x150.jpg\" alt=\"apricot 3\" \/><\/figure><\/div><div class=\"swiper-slide\"><figure class=\"swiper-slide-inner\"><img class=\"swiper-slide-image\" src=\"https:\/\/dgfruits.com\/wp-content\/uploads\/2020\/02\/apricots-2-150x150.jpg\" alt=\"apricots\" \/><\/figure><\/div><div class=\"swiper-slide\"><figure class=\"swiper-slide-inner\"><img class=\"swiper-slide-image\" src=\"https:\/\/dgfruits.com\/wp-content\/uploads\/2020\/02\/peaches-1-150x150.jpg\" alt=\"peaches\" \/><\/figure><\/div><div class=\"swiper-slide\"><figure class=\"swiper-slide-inner\"><img class=\"swiper-slide-image\" src=\"https:\/\/dgfruits.com\/wp-content\/uploads\/2020\/02\/peaches-2-150x150.jpg\" alt=\"peaches\" \/><\/figure><\/div><div class=\"swiper-slide\"><figure class=\"swiper-slide-inner\"><img class=\"swiper-slide-image\" src=\"https:\/\/dgfruits.com\/wp-content\/uploads\/2020\/02\/plums-2-150x150.jpg\" alt=\"plums\" \/><\/figure><\/div><div class=\"swiper-slide\"><figure class=\"swiper-slide-inner\"><img class=\"swiper-slide-image\" src=\"https:\/\/dgfruits.com\/wp-content\/uploads\/2020\/02\/plums-1-150x150.jpg\" alt=\"dgfruits\" \/><\/figure><\/div><div class=\"swiper-slide\"><figure class=\"swiper-slide-inner\"><img class=\"swiper-slide-image\" src=\"https:\/\/dgfruits.com\/wp-content\/uploads\/2020\/02\/plums-3-150x150.jpg\" alt=\"dgfruits\" \/><\/figure><\/div><div class=\"swiper-slide\"><figure class=\"swiper-slide-inner\"><img class=\"swiper-slide-image\" src=\"https:\/\/dgfruits.com\/wp-content\/uploads\/2019\/11\/IMG-20190308-WA0001-150x150.jpg\" alt=\"dgfruits orchards\" \/><\/figure><\/div><div class=\"swiper-slide\"><figure class=\"swiper-slide-inner\"><img class=\"swiper-slide-image\" src=\"https:\/\/dgfruits.com\/wp-content\/uploads\/2019\/11\/received_10212226741451541-150x150.jpeg\" alt=\"dgfruits orchards\" \/><\/figure><\/div><div class=\"swiper-slide\"><figure class=\"swiper-slide-inner\"><img class=\"swiper-slide-image\" src=\"https:\/\/dgfruits.com\/wp-content\/uploads\/2019\/11\/IMG-20190423-WA0005-150x150.jpg\" alt=\"dgfruits orchards\" \/><\/figure><\/div>\t\t\t<\/div>\n\t\t\t\t\t\t\t\t\t\t\t\t<div class=\"swiper-pagination\"><\/div>\n\t\t\t\t\t\t\t\t\t\t\t\t\t<div class=\"elementor-swiper-button elementor-swiper-button-prev\">\n\t\t\t\t\t\t<i aria-hidden=\"true\" class=\"eicon-chevron-left\"><\/i>\t\t\t\t\t\t<span class=\"elementor-screen-only\">Previous<\/span>\n\t\t\t\t\t<\/div>\n\t\t\t\t\t<div class=\"elementor-swiper-button elementor-swiper-button-next\">\n\t\t\t\t\t\t<i aria-hidden=\"true\" class=\"eicon-chevron-right\"><\/i>\t\t\t\t\t\t<span class=\"elementor-screen-only\">Next<\/span>\n\t\t\t\t\t<\/div>\n\t\t\t\t\t\t\t\t\t<\/div>\n\t\t\t\t<\/div>\n\t\t\t\t<\/div>\n\t\t\t\t<div class=\"elementor-element elementor-element-2ed94c8 elementor-widget-divider--view-line elementor-widget elementor-widget-divider\" data-id=\"2ed94c8\" data-element_type=\"widget\" data-widget_type=\"divider.default\">\n\t\t\t\t<div class=\"elementor-widget-container\">\n\t\t\t\t\t<div class=\"elementor-divider\">\n\t\t\t<span class=\"elementor-divider-separator\">\n\t\t\t\t\t\t<\/span>\n\t\t<\/div>\n\t\t\t\t<\/div>\n\t\t\t\t<\/div>\n\t\t\t\t<div class=\"elementor-element elementor-element-0ab93fa elementor-align-center elementor-button-success elementor-widget elementor-widget-button\" data-id=\"0ab93fa\" data-element_type=\"widget\" data-widget_type=\"button.default\">\n\t\t\t\t<div class=\"elementor-widget-container\">\n\t\t\t\t\t<div class=\"elementor-button-wrapper\">\n\t\t\t<a href=\"https:\/\/dgfruits.com\/index.php\/fruits\/\" target=\"_blank\" class=\"elementor-button-link elementor-button elementor-size-sm\" role=\"button\">\n\t\t\t\t\t\t<span class=\"elementor-button-content-wrapper\">\n\t\t\t\t\t\t<span class=\"elementor-button-text\">Fruits<\/span>\n\t\t<\/span>\n\t\t\t\t\t<\/a>\n\t\t<\/div>\n\t\t\t\t<\/div>\n\t\t\t\t<\/div>\n\t\t\t\t<div class=\"elementor-element elementor-element-d826d99 elementor-button-success elementor-align-center elementor-widget elementor-widget-button\" data-id=\"d826d99\" data-element_type=\"widget\" data-widget_type=\"button.default\">\n\t\t\t\t<div class=\"elementor-widget-container\">\n\t\t\t\t\t<div class=\"elementor-button-wrapper\">\n\t\t\t<a href=\"https:\/\/dgfruits.com\/index.php\/contact-us\/\" target=\"_blank\" class=\"elementor-button-link elementor-button elementor-size-sm\" role=\"button\">\n\t\t\t\t\t\t<span class=\"elementor-button-content-wrapper\">\n\t\t\t\t\t\t<span class=\"elementor-button-text\">Contact us<\/span>\n\t\t<\/span>\n\t\t\t\t\t<\/a>\n\t\t<\/div>\n\t\t\t\t<\/div>\n\t\t\t\t<\/div>\n\t\t\t\t<div class=\"elementor-element elementor-element-038ad71 elementor-widget elementor-widget-spacer\" data-id=\"038ad71\" data-element_type=\"widget\" data-widget_type=\"spacer.default\">\n\t\t\t\t<div class=\"elementor-widget-container\">\n\t\t\t\t\t<div class=\"elementor-spacer\">\n\t\t\t<div class=\"elementor-spacer-inner\"><\/div>\n\t\t<\/div>\n\t\t\t\t<\/div>\n\t\t\t\t<\/div>\n\t\t\t\t\t\t<\/div>\n\t\t\t\t\t<\/div>\n\t\t<\/div>\n\t\t\t\t\t\t\t\t<\/div>\n\t\t\t\t\t<\/div>\n\t\t<\/section>\n\t\t\t\t\t\t\t\t\t<\/div>\n\t\t\t<\/div>\n\t\t\t\t\t<\/div>\n\t\t","protected":false},"excerpt":{"rendered":"<p>dgfruits-fresh fuits export.Cherries, Apricots. DG Fruits was founded in 2015 with a core business\u00a0 cherries production. DG fruits continues to create new cherry gardens. Company invests in some of the latest cherry varieties on the market. In 2020 DG fruits began offering &#8211; apricots, peaches and plums. Our goal is to offer the freshest fruit &hellip;<\/p>\n<p class=\"read-more\"> <a class=\"\" href=\"https:\/\/dgfruits.com\/\"> <span class=\"screen-reader-text\">HOME<\/span> Read More &raquo;<\/a><\/p>\n","protected":false},"author":1,"featured_media":648,"parent":0,"menu_order":0,"comment_status":"closed","ping_status":"closed","template":"","meta":[],"yoast_head":"<!-- This site is optimized with the Yoast SEO plugin v18.4.1 - https:\/\/yoast.com\/wordpress\/plugins\/seo\/ -->\n<title>DGfruits- fruits producer and exporter.| Cherries, strawberries, apricots...<\/title>\n<meta name=\"description\" content=\"DGfruits-fruits directly from the gardens | DGfruits main market are Romania and Bulgaria | \u0447\u0435\u0440\u0435\u0448\u0438 | \u043a\u0430\u0439\u0441\u0438\u0438 | cirea\u015f\u0103 | cire\u015f | cais\u0103\" \/>\n<meta name=\"robots\" content=\"index, follow, max-snippet:-1, max-image-preview:large, max-video-preview:-1\" \/>\n<link rel=\"canonical\" href=\"https:\/\/dgfruits.com\/\" \/>\n<meta property=\"og:locale\" content=\"en_US\" \/>\n<meta property=\"og:type\" content=\"article\" \/>\n<meta property=\"og:title\" content=\"DGfruits- fruits producer and exporter.| Cherries, strawberries, apricots...\" \/>\n<meta property=\"og:description\" content=\"DGfruits-fruits directly from the gardens | DGfruits main market are Romania and Bulgaria | \u0447\u0435\u0440\u0435\u0448\u0438 | \u043a\u0430\u0439\u0441\u0438\u0438 | cirea\u015f\u0103 | cire\u015f | cais\u0103\" \/>\n<meta property=\"og:url\" content=\"https:\/\/dgfruits.com\/\" \/>\n<meta property=\"og:site_name\" content=\"dgfruits\" \/>\n<meta property=\"article:modified_time\" content=\"2022-03-30T05:46:09+00:00\" \/>\n<meta property=\"og:image\" content=\"https:\/\/dgfruits.com\/wp-content\/uploads\/2020\/02\/logoo-dg-scaled.jpg\" \/>\n\t<meta property=\"og:image:width\" content=\"2560\" \/>\n\t<meta property=\"og:image:height\" content=\"1794\" \/>\n\t<meta property=\"og:image:type\" content=\"image\/jpeg\" \/>\n<meta name=\"twitter:card\" content=\"summary_large_image\" \/>\n<script type=\"application\/ld+json\" class=\"yoast-schema-graph\">{\"@context\":\"https:\/\/schema.org\",\"@graph\":[{\"@type\":\"Organization\",\"@id\":\"https:\/\/dgfruits.com\/#organization\",\"name\":\"DGfruits\",\"url\":\"https:\/\/dgfruits.com\/\",\"sameAs\":[],\"logo\":{\"@type\":\"ImageObject\",\"@id\":\"https:\/\/dgfruits.com\/#logo\",\"inLanguage\":\"en-US\",\"url\":\"https:\/\/dgfruits.com\/wp-content\/uploads\/2019\/11\/Untitled.png\",\"contentUrl\":\"https:\/\/dgfruits.com\/wp-content\/uploads\/2019\/11\/Untitled.png\",\"width\":190,\"height\":84,\"caption\":\"DGfruits\"},\"image\":{\"@id\":\"https:\/\/dgfruits.com\/#logo\"}},{\"@type\":\"WebSite\",\"@id\":\"https:\/\/dgfruits.com\/#website\",\"url\":\"https:\/\/dgfruits.com\/\",\"name\":\"dgfruits\",\"description\":\"dgfruits\",\"publisher\":{\"@id\":\"https:\/\/dgfruits.com\/#organization\"},\"potentialAction\":[{\"@type\":\"SearchAction\",\"target\":{\"@type\":\"EntryPoint\",\"urlTemplate\":\"https:\/\/dgfruits.com\/?s={search_term_string}\"},\"query-input\":\"required name=search_term_string\"}],\"inLanguage\":\"en-US\"},{\"@type\":\"ImageObject\",\"@id\":\"https:\/\/dgfruits.com\/#primaryimage\",\"inLanguage\":\"en-US\",\"url\":\"https:\/\/dgfruits.com\/wp-content\/uploads\/2020\/02\/logoo-dg-scaled.jpg\",\"contentUrl\":\"https:\/\/dgfruits.com\/wp-content\/uploads\/2020\/02\/logoo-dg-scaled.jpg\",\"width\":2560,\"height\":1794,\"caption\":\"dgfruits\"},{\"@type\":\"WebPage\",\"@id\":\"https:\/\/dgfruits.com\/#webpage\",\"url\":\"https:\/\/dgfruits.com\/\",\"name\":\"DGfruits- fruits producer and exporter.| Cherries, strawberries, apricots...\",\"isPartOf\":{\"@id\":\"https:\/\/dgfruits.com\/#website\"},\"primaryImageOfPage\":{\"@id\":\"https:\/\/dgfruits.com\/#primaryimage\"},\"datePublished\":\"2019-11-12T03:41:59+00:00\",\"dateModified\":\"2022-03-30T05:46:09+00:00\",\"description\":\"DGfruits-fruits directly from the gardens | DGfruits main market are Romania and Bulgaria | \u0447\u0435\u0440\u0435\u0448\u0438 | \u043a\u0430\u0439\u0441\u0438\u0438 | cirea\u015f\u0103 | cire\u015f | cais\u0103\",\"breadcrumb\":{\"@id\":\"https:\/\/dgfruits.com\/#breadcrumb\"},\"inLanguage\":\"en-US\",\"potentialAction\":[{\"@type\":\"ReadAction\",\"target\":[\"https:\/\/dgfruits.com\/\"]}]},{\"@type\":\"BreadcrumbList\",\"@id\":\"https:\/\/dgfruits.com\/#breadcrumb\",\"itemListElement\":[{\"@type\":\"ListItem\",\"position\":1,\"name\":\"Home\",\"item\":\"https:\/\/dgfruits.com\/\"},{\"@type\":\"ListItem\",\"position\":2,\"name\":\"HOME\"}]}]}<\/script>\n<!-- \/ Yoast SEO plugin. -->","yoast_head_json":{"title":"DGfruits- fruits producer and exporter.| Cherries, strawberries, apricots...","description":"DGfruits-fruits directly from the gardens | DGfruits main market are Romania and Bulgaria | \u0447\u0435\u0440\u0435\u0448\u0438 | \u043a\u0430\u0439\u0441\u0438\u0438 | cirea\u015f\u0103 | cire\u015f | cais\u0103","robots":{"index":"index","follow":"follow","max-snippet":"max-snippet:-1","max-image-preview":"max-image-preview:large","max-video-preview":"max-video-preview:-1"},"canonical":"https:\/\/dgfruits.com\/","og_locale":"en_US","og_type":"article","og_title":"DGfruits- fruits producer and exporter.| Cherries, strawberries, apricots...","og_description":"DGfruits-fruits directly from the gardens | DGfruits main market are Romania and Bulgaria | \u0447\u0435\u0440\u0435\u0448\u0438 | \u043a\u0430\u0439\u0441\u0438\u0438 | cirea\u015f\u0103 | cire\u015f | cais\u0103","og_url":"https:\/\/dgfruits.com\/","og_site_name":"dgfruits","article_modified_time":"2022-03-30T05:46:09+00:00","og_image":[{"width":2560,"height":1794,"url":"https:\/\/dgfruits.com\/wp-content\/uploads\/2020\/02\/logoo-dg-scaled.jpg","type":"image\/jpeg"}],"twitter_card":"summary_large_image","schema":{"@context":"https:\/\/schema.org","@graph":[{"@type":"Organization","@id":"https:\/\/dgfruits.com\/#organization","name":"DGfruits","url":"https:\/\/dgfruits.com\/","sameAs":[],"logo":{"@type":"ImageObject","@id":"https:\/\/dgfruits.com\/#logo","inLanguage":"en-US","url":"https:\/\/dgfruits.com\/wp-content\/uploads\/2019\/11\/Untitled.png","contentUrl":"https:\/\/dgfruits.com\/wp-content\/uploads\/2019\/11\/Untitled.png","width":190,"height":84,"caption":"DGfruits"},"image":{"@id":"https:\/\/dgfruits.com\/#logo"}},{"@type":"WebSite","@id":"https:\/\/dgfruits.com\/#website","url":"https:\/\/dgfruits.com\/","name":"dgfruits","description":"dgfruits","publisher":{"@id":"https:\/\/dgfruits.com\/#organization"},"potentialAction":[{"@type":"SearchAction","target":{"@type":"EntryPoint","urlTemplate":"https:\/\/dgfruits.com\/?s={search_term_string}"},"query-input":"required name=search_term_string"}],"inLanguage":"en-US"},{"@type":"ImageObject","@id":"https:\/\/dgfruits.com\/#primaryimage","inLanguage":"en-US","url":"https:\/\/dgfruits.com\/wp-content\/uploads\/2020\/02\/logoo-dg-scaled.jpg","contentUrl":"https:\/\/dgfruits.com\/wp-content\/uploads\/2020\/02\/logoo-dg-scaled.jpg","width":2560,"height":1794,"caption":"dgfruits"},{"@type":"WebPage","@id":"https:\/\/dgfruits.com\/#webpage","url":"https:\/\/dgfruits.com\/","name":"DGfruits- fruits producer and exporter.| Cherries, strawberries, apricots...","isPartOf":{"@id":"https:\/\/dgfruits.com\/#website"},"primaryImageOfPage":{"@id":"https:\/\/dgfruits.com\/#primaryimage"},"datePublished":"2019-11-12T03:41:59+00:00","dateModified":"2022-03-30T05:46:09+00:00","description":"DGfruits-fruits directly from the gardens | DGfruits main market are Romania and Bulgaria | \u0447\u0435\u0440\u0435\u0448\u0438 | \u043a\u0430\u0439\u0441\u0438\u0438 | cirea\u015f\u0103 | cire\u015f | cais\u0103","breadcrumb":{"@id":"https:\/\/dgfruits.com\/#breadcrumb"},"inLanguage":"en-US","potentialAction":[{"@type":"ReadAction","target":["https:\/\/dgfruits.com\/"]}]},{"@type":"BreadcrumbList","@id":"https:\/\/dgfruits.com\/#breadcrumb","itemListElement":[{"@type":"ListItem","position":1,"name":"Home","item":"https:\/\/dgfruits.com\/"},{"@type":"ListItem","position":2,"name":"HOME"}]}]}},"_links":{"self":[{"href":"https:\/\/dgfruits.com\/index.php\/wp-json\/wp\/v2\/pages\/272"}],"collection":[{"href":"https:\/\/dgfruits.com\/index.php\/wp-json\/wp\/v2\/pages"}],"about":[{"href":"https:\/\/dgfruits.com\/index.php\/wp-json\/wp\/v2\/types\/page"}],"author":[{"embeddable":true,"href":"https:\/\/dgfruits.com\/index.php\/wp-json\/wp\/v2\/users\/1"}],"replies":[{"embeddable":true,"href":"https:\/\/dgfruits.com\/index.php\/wp-json\/wp\/v2\/comments?post=272"}],"version-history":[{"count":83,"href":"https:\/\/dgfruits.com\/index.php\/wp-json\/wp\/v2\/pages\/272\/revisions"}],"predecessor-version":[{"id":788,"href":"https:\/\/dgfruits.com\/index.php\/wp-json\/wp\/v2\/pages\/272\/revisions\/788"}],"wp:featuredmedia":[{"embeddable":true,"href":"https:\/\/dgfruits.com\/index.php\/wp-json\/wp\/v2\/media\/648"}],"wp:attachment":[{"href":"https:\/\/dgfruits.com\/index.php\/wp-json\/wp\/v2\/media?parent=272"}],"curies":[{"name":"wp","href":"https:\/\/api.w.org\/{rel}","templated":true}]}}